{"id":243,"date":"2026-02-20T12:17:21","date_gmt":"2026-02-20T11:17:21","guid":{"rendered":"http:\/\/mathiasoppermann.de\/?page_id=243"},"modified":"2026-04-17T22:51:02","modified_gmt":"2026-04-17T20:51:02","slug":"veranstaltungsuebersicht-2026","status":"publish","type":"page","link":"http:\/\/mathiasoppermann.de\/?page_id=243","title":{"rendered":"Veranstaltungen 2026"},"content":{"rendered":"\n<h6 class=\"wp-block-heading alignwide has-white-color has-text-color has-background has-link-color has-medium-font-size wp-elements-60a24b1276ee17374c467979430cda6d\" style=\"background-color:#344c95\">Veranstaltungen 2026<\/h6>\n\n\n\n<figure class=\"wp-block-image size-large\"><img decoding=\"async\" src=\"http:\/\/mathiasoppermann.de\/wp-content\/uploads\/2026\/02\/DSC4232-scaled-e1772113832936-1024x366.jpg\" alt=\"\" class=\"wp-image-708\"\/><\/figure>\n\n\n\n<figure class=\"wp-block-table aligncenter\">\n    <table class=\"has-black-color has-text-color has-background has-link-color has-fixed-layout\" style=\"background-color:#f0ffff; border: 1px solid #cccccc; border-collapse: collapse; width: 100%;\">\n        <tbody>\n            <tr>\n                <td class=\"has-text-align-left\" data-align=\"left\" style=\"border: 1px solid #cccccc; padding: 15px;\">\n                    <strong><font color=\"#000000\">Februar<\/font><\/strong>\n                <\/td>\n            <\/tr>\n            <tr>\n                <td class=\"has-text-align-left\" data-align=\"left\" style=\"border: 1px solid #cccccc; padding: 15px;\">\n                    <font color=\"#000000\">07. Samstag<br><strong>Offene Kreisgel\u00e4nde- und Crossmeisterschaften<\/strong><br>Ort: Bezirkssportanlage Rote Wiese<br>Die Veranstaltung wurde witterungsbedingt&nbsp;<strong>abgesagt<\/strong>.<\/font>\n                <\/td>\n            <\/tr>\n            <tr>\n                <td class=\"has-text-align-left\" data-align=\"left\" style=\"border: 1px solid #cccccc; padding: 15px;\">\n                    <strong><font color=\"#000000\">April<\/font><\/strong>\n                <\/td>\n            <\/tr>\n            <tr>\n                <td class=\"has-text-align-left\" data-align=\"left\" style=\"border: 1px solid #cccccc; padding: 15px;\">\n                    <font color=\"#000000\">25. Samstag<br><strong>BLC Lauftag mit Kreismeisterschaften Staffel<\/strong><br><a href=\"https:\/\/ladv.de\/ausschreibung\/detail\/45905\/BLC-Lauftag-Braunschweig-R%C3%BCningen.htm\" target=\"_blank\" rel=\"noreferrer noopener\">LADV Anmeldung<\/a><br><a href=\"http:\/\/mathiasoppermann.de\/wp-content\/uploads\/2026\/02\/Ausschreibung.pdf\" target=\"_blank\" rel=\"noreferrer noopener\">Ausschreibung<\/a><\/font>\n                <\/td>\n            <\/tr>\n            <tr>\n                <td class=\"has-text-align-left\" data-align=\"left\" style=\"border: 1px solid #cccccc; padding: 15px;\">\n                    <strong><font color=\"#000000\">Mai<\/font><\/strong>\n                <\/td>\n            <\/tr>\n            <tr>\n                <td class=\"has-text-align-left\" data-align=\"left\" style=\"border: 1px solid #cccccc; padding: 15px;\">\n                    <font color=\"#000000\">08. Freitag<br>09. Samstag<br>10.&nbsp;Sonntag<br><strong>Offene Kreismeisterschaften Einzel (Braunschweig\/Wolfenb\u00fcttel)<\/strong><br>Ort: Bezirkssportanlage R\u00fcningen<\/font><font color=\"#000000\"><br><a href=\"https:\/\/ladv.de\/ausschreibung\/detail\/46618\/Offene-Kreismeisterschaften-Einzel-Braunschweig.htm\" target=\"_blank\" rel=\"noreferrer noopener\">LADV Anmeldung<\/a><br><a href=\"http:\/\/mathiasoppermann.de\/wp-content\/uploads\/2026\/02\/Ausschreibung-Einzel.pdf\" target=\"_blank\" rel=\"noreferrer noopener\">Ausschreibung<\/a><\/font><br><br><a href=\"http:\/\/mathiasoppermann.de\/wp-content\/uploads\/2026\/04\/vorlaeufiger_Zeitplan_Freitag.pdf\" target=\"_blank\" rel=\"noreferrer noopener\">Vorl\u00e4ufiger Zeitplan Freitag<br><\/a><a href=\"http:\/\/mathiasoppermann.de\/wp-content\/uploads\/2026\/04\/vorlaeufiger_Zeitplan_Samstag.pdf\" target=\"_blank\" rel=\"noreferrer noopener\">Vorl\u00e4ufiger Zeitplan Samstag<br><\/a><a href=\"http:\/\/mathiasoppermann.de\/wp-content\/uploads\/2026\/04\/vorlaeufiger_Zeitplan_Sonntag.pdf\" target=\"_blank\" rel=\"noreferrer noopener\">Vorl\u00e4ufiger Zeitplan Sonntag<\/a>\n                <\/td>\n            <\/tr>\n            <tr>\n                <td class=\"has-text-align-left\" data-align=\"left\" style=\"border: 1px solid #cccccc; padding: 15px;\">\n                    <strong><font color=\"#000000\">Juni<\/font><\/strong>\n                <\/td>\n            <\/tr>\n            <tr>\n                <td class=\"has-text-align-left\" data-align=\"left\" style=\"border: 1px solid #cccccc; padding: 15px;\">\n                    <font color=\"#000000\">02.&nbsp;Dienstag<br><strong>Sportivationstag<\/strong><br>Ort: Bezirkssportanlage R\u00fcningen<\/font>\n                <\/td>\n            <\/tr>\n            <tr>\n                <td class=\"has-text-align-left\" data-align=\"left\" style=\"border: 1px solid #cccccc; padding: 15px;\">\n                    <strong><font color=\"#000000\">August<\/font><\/strong>\n                <\/td>\n            <\/tr>\n            <tr>\n                <td class=\"has-text-align-left\" data-align=\"left\" style=\"border: 1px solid #cccccc; padding: 15px;\">\n                    <font color=\"#000000\">14. Freitag<br><strong>Abendsportfest als Angebot nach Vereinsw\u00fcnschen<\/strong><br>Ort: Bezirkssportanlage R\u00fcningen<\/font><br><font color=\"#000000\"><a href=\"http:\/\/mathiasoppermann.de\/wp-content\/uploads\/2026\/04\/Ausschreibungen_Abendsportfest.pdf\" target=\"_blank\" rel=\"noreferrer noopener\">Ausschreibung<\/a><\/font>\n                <\/td>\n            <\/tr>\n            <tr>\n                <td class=\"has-text-align-left\" data-align=\"left\" style=\"border: 1px solid #cccccc; padding: 15px;\">\n                    <font color=\"#000000\">21. Freitag<br><strong>KILA CUP Braunschweig und Wolfenb\u00fcttel<\/strong><br>Ort: Bezirkssportanlage R\u00fcningen<\/font>\n                <\/td>\n            <\/tr>\n            <tr>\n                <td class=\"has-text-align-left\" data-align=\"left\" style=\"border: 1px solid #cccccc; padding: 15px;\">\n                    <strong><font color=\"#000000\">September<\/font><\/strong>\n                <\/td>\n            <\/tr>\n            <tr>\n                <td class=\"has-text-align-left\" data-align=\"left\" style=\"border: 1px solid #cccccc; padding: 15px;\">\n                    <font color=\"#000000\">12. Samstag<br>13. Sonntag<br><strong>Offene Kreismehrkampfmeisterschaften mit Meile<\/strong><br>Es k\u00f6nnen teilweise auch Einzeldisziplinen des Mehrkampfs gemeldet werden.<br>Ort: Bezirkssportanlage R\u00fcningen<\/font>\n                <\/td>\n            <\/tr>\n        <\/tbody>\n    <\/table>\n<\/figure>\n","protected":false},"excerpt":{"rendered":"<p>Veranstaltungen 2026 Februar 07. SamstagOffene Kreisgel\u00e4nde- und CrossmeisterschaftenOrt: Bezirkssportanlage Rote WieseDie Veranstaltung wurde witterungsbedingt&nbsp;abgesagt. April 25. SamstagBLC Lauftag mit Kreismeisterschaften StaffelLADV AnmeldungAusschreibung Mai 08. Freitag09. Samstag10.&nbsp;SonntagOffene Kreismeisterschaften Einzel (Braunschweig\/Wolfenb\u00fcttel)Ort: Bezirkssportanlage R\u00fcningenLADV AnmeldungAusschreibung Vorl\u00e4ufiger Zeitplan FreitagVorl\u00e4ufiger Zeitplan SamstagVorl\u00e4ufiger Zeitplan Sonntag Juni 02.&nbsp;DienstagSportivationstagOrt: Bezirkssportanlage R\u00fcningen August 14. FreitagAbendsportfest als Angebot nach Vereinsw\u00fcnschenOrt: Bezirkssportanlage R\u00fcningenAusschreibung 21. FreitagKILA CUP [&hellip;]<\/p>\n","protected":false},"author":1,"featured_media":0,"parent":0,"menu_order":0,"comment_status":"closed","ping_status":"closed","template":"","meta":{"footnotes":""},"class_list":["post-243","page","type-page","status-publish","czr-hentry"],"aioseo_notices":[],"_links":{"self":[{"href":"http:\/\/mathiasoppermann.de\/index.php?rest_route=\/wp\/v2\/pages\/243","targetHints":{"allow":["GET"]}}],"collection":[{"href":"http:\/\/mathiasoppermann.de\/index.php?rest_route=\/wp\/v2\/pages"}],"about":[{"href":"http:\/\/mathiasoppermann.de\/index.php?rest_route=\/wp\/v2\/types\/page"}],"author":[{"embeddable":true,"href":"http:\/\/mathiasoppermann.de\/index.php?rest_route=\/wp\/v2\/users\/1"}],"replies":[{"embeddable":true,"href":"http:\/\/mathiasoppermann.de\/index.php?rest_route=%2Fwp%2Fv2%2Fcomments&post=243"}],"version-history":[{"count":13,"href":"http:\/\/mathiasoppermann.de\/index.php?rest_route=\/wp\/v2\/pages\/243\/revisions"}],"predecessor-version":[{"id":2426,"href":"http:\/\/mathiasoppermann.de\/index.php?rest_route=\/wp\/v2\/pages\/243\/revisions\/2426"}],"wp:attachment":[{"href":"http:\/\/mathiasoppermann.de\/index.php?rest_route=%2Fwp%2Fv2%2Fmedia&parent=243"}],"curies":[{"name":"wp","href":"https:\/\/api.w.org\/{rel}","templated":true}]}}