{"id":236,"date":"2026-02-20T12:02:56","date_gmt":"2026-02-20T11:02:56","guid":{"rendered":"http:\/\/mathiasoppermann.de\/?page_id=236"},"modified":"2026-04-11T10:29:52","modified_gmt":"2026-04-11T08:29:52","slug":"datenschutz","status":"publish","type":"page","link":"http:\/\/mathiasoppermann.de\/?page_id=236","title":{"rendered":"Datenschutz"},"content":{"rendered":"\n<h6 class=\"wp-block-heading alignwide has-white-color has-text-color has-background has-link-color has-medium-font-size wp-elements-fbca319d60106ef6dfaed8064d6a81f7\" style=\"background-color:#344c95\"><strong>Datenschutz<\/strong><\/h6>\n\n\n\n<figure class=\"wp-block-table aligncenter\">\n    <table style=\"border: 1px solid #cccccc; border-collapse: collapse; background-color: #f0ffff; width: 100%; table-layout: fixed;\">\n        <tbody>\n            <tr>\n                <td style=\"border: 1px solid #cccccc; padding: 25px; text-align: left; line-height: 1.6;\">\n                    <p><span style=\"color: #000000;\">Vielen Dank f\u00fcr Ihr Interesse an unserem Onlineauftritt. Der Schutz Ihrer pers\u00f6nlichen Daten liegt uns sehr am Herzen. An dieser Stelle m\u00f6chten wir Sie deshalb dar\u00fcber informieren, wie wir mit ihren personenbezogenen Daten umgehen. Selbstverst\u00e4ndlich beachten wir die gesetzlichen Bestimmungen der Datenschutz-Grundverordnung (DSGVO) und des Bundesdatenschutzgesetzes (BDSG) sowie anderer datenschutzrechtlicher Regelungen, sofern diese zur Anwendung kommen.<\/span><br \/><span style=\"color: #000000;\">Bei Ihren pers\u00f6nlichen Daten k\u00f6nnen Sie uns vertrauen! Sie werden durch digitale Sicherheitssysteme verschl\u00fcsselt und an uns \u00fcbertragen. Unsere Webseiten sind durch technische Ma\u00dfnahmen gegen Besch\u00e4digungen, Zerst\u00f6rung oder unberechtigten Zugriff gesch\u00fctzt.<\/span><\/p>\n                    \n                    <p><span style=\"color: #000000;\"><strong>Gegenstand des Datenschutzes<\/strong><\/span><\/p>\n                    <p><span style=\"color: #000000;\">Gegenstand des Datenschutzes sind personenbezogene Daten. Diese sind nach Art. 4 Nr. 1 DSGVO alle Informationen, die sich auf eine identifizierte oder identifizierbare nat\u00fcrliche Person beziehen. Hierunter fallen z.B. Angaben wie Name, Post-Adresse, E-Mail-Adresse oder Telefonnummer, ggf. aber auch Nutzungsdaten wie Ihre IP-Adresse.<\/span><br \/><span style=\"color: #000000;\">Gem\u00e4\u00df dem Grundsatz der Datenvermeidung und Datensparsamkeit werden von uns personenbezogene Daten nur erhoben, wenn diese f\u00fcr den von Ihnen gew\u00fcnschten Zweck erforderlich sind und Sie uns diese freiwillig angeben.<\/span><\/p>\n                    \n                    <p><span style=\"color: #000000;\"><strong>Verantwortliche und Datenschutzbeauftragte<\/strong><\/span><\/p>\n                    <p><span style=\"color: #000000;\">Verantwortliche f\u00fcr die Datenerhebung, Datenverarbeitung und Datennutzung, die im Zusammenhang mit der Benutzung dieser Webseite erfolgt:<\/span><\/p>\n                    <p><span style=\"color: #000000;\">Kathrin Rehberg<\/span><br \/><span style=\"color: #000000;\">Tel. 0175 5464424<\/span><\/p>\n                    \n                    <p><span style=\"color: #000000;\"><strong>Datenverarbeitung auf dieser Internetseite<\/strong><\/span><\/p>\n                    <p><span style=\"color: #000000;\">Die Erhebung und Verarbeitung dieser Daten erfolgt zu dem Zweck der ordnungsgem\u00e4\u00dfen und optimalen Darstellung der angebotenen Informationen auf dieser Internetseite sowie zu internen statistischen Zwecken.<\/span><\/p>\n                    \n                    <p><span style=\"color: #000000;\"><strong>Kontaktaufnahme<\/strong><\/span><\/p>\n                    <p><span style=\"color: #000000;\">Wenn Sie als Webseitennutzer per E-Mail oder Kontaktformular mit uns in Kontakt treten, werden die von Ihnen gemachten Angaben zum Zwecke der Bearbeitung der Anfrage sowie f\u00fcr m\u00f6gliche Anschlussfragen gespeichert. Die Daten werden nach abgeschlossener Bearbeitung Ihrer Anfrage gel\u00f6scht.<\/span><\/p>\n                    \n                    <p><span style=\"color: #000000;\"><strong>Wie lange bleiben die Daten gespeichert?<\/strong><\/span><\/p>\n                    <p><span style=\"color: #000000;\">Wir halten uns an die Grunds\u00e4tze der Datenvermeidung und Datensparsamkeit. Wir speichern Ihre personenbezogenen Daten daher nur so lange, wie dies zur Erreichung der hierin genannten Zwecke erforderlich ist oder wie es die vom Gesetzgeber vorgesehenen vielf\u00e4ltigen Speicherfristen vorsehen. Nach Fortfall des jeweiligen Zweckes bzw. Ablauf dieser Fristen werden die entsprechenden Daten routinem\u00e4\u00dfig und entsprechend den gesetzlichen Vorschriften gesperrt oder gel\u00f6scht.<\/span><\/p>\n                    \n                    <p><span style=\"color: #000000;\"><strong>Recht auf Auskunft, Berichtigung, Sperre, L\u00f6schung und Widerspruch<\/strong><\/span><\/p>\n                    <p><span style=\"color: #000000;\">Sie haben das Recht, jederzeit Auskunft \u00fcber Ihre gespeicherten personenbezogenen Daten zu erhalten. Ebenso haben Sie das Recht auf Berichtigung, Sperrung oder, abgesehen von der vorgeschriebenen Datenspeicherung zur Gesch\u00e4ftsabwicklung, L\u00f6schung Ihrer personenbezogenen Daten. Bitte wenden Sie sich dazu an den Datenschutzbeauftragten.<\/span><br \/><span style=\"color: #000000;\">Damit eine Sperre von Daten jederzeit ber\u00fccksichtigt werden kann, m\u00fcssen diese Daten zu Kontrollzwecken in einer Sperrdatei vorgehalten werden. Sie k\u00f6nnen auch die L\u00f6schung der Daten verlangen, soweit keine gesetzliche Archivierungsverpflichtung besteht. Soweit eine solche Verpflichtung besteht, sperren wir Ihre Daten auf Wunsch.<\/span><br \/><span style=\"color: #000000;\">Sie k\u00f6nnen \u00c4nderungen oder den Widerruf einer Einwilligung durch entsprechende Mitteilung an uns mit Wirkung f\u00fcr die Zukunft vornehmen.<\/span><\/p>\n                    \n                    <p><span style=\"color: #000000;\"><strong>\u00c4nderung unserer Datenschutzbestimmungen<\/strong><\/span><\/p>\n                    <p><span style=\"color: #000000;\">Wir behalten uns vor, diese Datenschutzerkl\u00e4rung gelegentlich anzupassen, damit sie stets den aktuellen rechtlichen Anforderungen entspricht oder um \u00c4nderungen unserer Leistungen in der Datenschutzerkl\u00e4rung umzusetzen, z. B. bei der Einf\u00fchrung neuer Services. F\u00fcr Ihren erneuten Besuch gilt dann die neue Datenschutzerkl\u00e4rung.<\/span><\/p>\n                    \n                    <p><span style=\"color: #000000;\">Stand 07.04.2026<\/span><\/p>\n                <\/td>\n            <\/tr>\n        <\/tbody>\n    <\/table>\n<\/figure>\n","protected":false},"excerpt":{"rendered":"<p>Datenschutz Vielen Dank f\u00fcr Ihr Interesse an unserem Onlineauftritt. Der Schutz Ihrer pers\u00f6nlichen Daten liegt uns sehr am Herzen. An dieser Stelle m\u00f6chten wir Sie deshalb dar\u00fcber informieren, wie wir mit ihren personenbezogenen Daten umgehen. Selbstverst\u00e4ndlich beachten wir die gesetzlichen Bestimmungen der Datenschutz-Grundverordnung (DSGVO) und des Bundesdatenschutzgesetzes (BDSG) sowie anderer datenschutzrechtlicher Regelungen, sofern diese zur [&hellip;]<\/p>\n","protected":false},"author":1,"featured_media":0,"parent":0,"menu_order":0,"comment_status":"closed","ping_status":"closed","template":"","meta":{"footnotes":""},"class_list":["post-236","page","type-page","status-publish","czr-hentry"],"aioseo_notices":[],"_links":{"self":[{"href":"http:\/\/mathiasoppermann.de\/index.php?rest_route=\/wp\/v2\/pages\/236","targetHints":{"allow":["GET"]}}],"collection":[{"href":"http:\/\/mathiasoppermann.de\/index.php?rest_route=\/wp\/v2\/pages"}],"about":[{"href":"http:\/\/mathiasoppermann.de\/index.php?rest_route=\/wp\/v2\/types\/page"}],"author":[{"embeddable":true,"href":"http:\/\/mathiasoppermann.de\/index.php?rest_route=\/wp\/v2\/users\/1"}],"replies":[{"embeddable":true,"href":"http:\/\/mathiasoppermann.de\/index.php?rest_route=%2Fwp%2Fv2%2Fcomments&post=236"}],"version-history":[{"count":5,"href":"http:\/\/mathiasoppermann.de\/index.php?rest_route=\/wp\/v2\/pages\/236\/revisions"}],"predecessor-version":[{"id":2123,"href":"http:\/\/mathiasoppermann.de\/index.php?rest_route=\/wp\/v2\/pages\/236\/revisions\/2123"}],"wp:attachment":[{"href":"http:\/\/mathiasoppermann.de\/index.php?rest_route=%2Fwp%2Fv2%2Fmedia&parent=236"}],"curies":[{"name":"wp","href":"https:\/\/api.w.org\/{rel}","templated":true}]}}