{"id":200,"date":"2026-02-20T11:11:30","date_gmt":"2026-02-20T10:11:30","guid":{"rendered":"http:\/\/mathiasoppermann.de\/?page_id=200"},"modified":"2026-04-17T23:01:49","modified_gmt":"2026-04-17T21:01:49","slug":"vereine","status":"publish","type":"page","link":"http:\/\/mathiasoppermann.de\/?page_id=200","title":{"rendered":"Vereine"},"content":{"rendered":"\n<h6 class=\"wp-block-heading alignwide has-white-color has-text-color has-background has-link-color has-medium-font-size wp-elements-6cb11e977b6a3310cf34bc31858f3200\" style=\"background-color:#344c95\">Vereine<\/h6>\n\n\n\n<figure class=\"wp-block-table aligncenter\">\n    <table style=\"border: 1px solid #cccccc; border-collapse: collapse; background-color: #f0ffff; width: 100%; table-layout: fixed;\">\n        <tbody>\n            <tr><td style=\"border: 1px solid #cccccc; padding: 15px; text-align: left;\">\n                <img loading=\"lazy\" decoding=\"async\" width=\"100\" height=\"100\" class=\"wp-image-101\" style=\"width: 45px; height: auto;\" src=\"http:\/\/mathiasoppermann.de\/wp-content\/uploads\/2026\/02\/487.png\" alt=\"\"><br>\n                <a href=\"https:\/\/www.lgbraunschweig.de\/\" target=\"_blank\" rel=\"noreferrer noopener\"><strong>LG Braunschweig (1101)<\/strong><\/a><br>\n                <font color=\"#000000\">Tobias Pollmann<\/font>\n            <\/td><\/tr>\n            <tr><td style=\"border: 1px solid #cccccc; padding: 15px; text-align: left;\">\n                <img loading=\"lazy\" decoding=\"async\" width=\"45\" height=\"45\" class=\"wp-image-417\" style=\"width: 45px; height: auto;\" src=\"http:\/\/mathiasoppermann.de\/wp-content\/uploads\/2026\/02\/favicon-2.png\" alt=\"\"><br>\n                <a href=\"https:\/\/www.mtv-bs.de\/de\/sport\/Leichtathletik\/\" target=\"_blank\" rel=\"noreferrer noopener\"><strong>MTV Braunschweig (1102)<\/strong><\/a><br>\n                <font color=\"#000000\">Volker Thies<\/font>\n            <\/td><\/tr>\n            <tr><td style=\"border: 1px solid #cccccc; padding: 15px; text-align: left;\">\n                <img loading=\"lazy\" decoding=\"async\" width=\"45\" height=\"45\" class=\"wp-image-105\" style=\"width: 45px; height: auto;\" src=\"http:\/\/mathiasoppermann.de\/wp-content\/uploads\/2026\/02\/btsv.png\" alt=\"\"><br>\n                <a href=\"https:\/\/gesamtverein.eintracht.com\/abteilungen\/leichtathletik\/leichtathletik-home\" target=\"_blank\" rel=\"noreferrer noopener\"><strong>BTSV Eintracht Braunschweig (1103)<\/strong><\/a><br>\n                <font color=\"#000000\">Simon Bahnm\u00fcller<\/font>\n            <\/td><\/tr>\n            <tr><td style=\"border: 1px solid #cccccc; padding: 15px; text-align: left;\">\n                <img loading=\"lazy\" decoding=\"async\" width=\"387\" height=\"220\" class=\"wp-image-109\" style=\"width: 45px; height: auto;\" src=\"http:\/\/mathiasoppermann.de\/wp-content\/uploads\/2026\/02\/fsv-logo.png\" alt=\"\" srcset=\"http:\/\/mathiasoppermann.de\/wp-content\/uploads\/2026\/02\/fsv-logo.png 387w, http:\/\/mathiasoppermann.de\/wp-content\/uploads\/2026\/02\/fsv-logo-300x171.png 300w\" sizes=\"auto, (max-width: 387px) 100vw, 387px\" \/><br>\n                <strong><a href=\"https:\/\/www.fsv-bs.de\/\" target=\"_blank\" rel=\"noreferrer noopener\">Familiensportverein Braunschweig (1104)<\/a><\/strong><br>\n                <font color=\"#000000\">Gesch\u00e4ftsstelle<\/font>\n            <\/td><\/tr>\n            <tr><td style=\"border: 1px solid #cccccc; padding: 15px; text-align: left;\">\n                <img loading=\"lazy\" decoding=\"async\" width=\"45\" height=\"45\" class=\"wp-image-113\" style=\"width: 45px; height: auto;\" src=\"http:\/\/mathiasoppermann.de\/wp-content\/uploads\/2026\/02\/polizei.png\" alt=\"\"><br>\n                <a href=\"https:\/\/psv-braunschweig.de\/leichtathletik\/\" target=\"_blank\" rel=\"noreferrer noopener\"><strong>Polizei SV Braunschweig (1106)<\/strong><\/a><br>\n                <font color=\"#000000\">Sabrina Z\u00f6llner<\/font>\n            <\/td><\/tr>\n            <tr><td style=\"border: 1px solid #cccccc; padding: 15px; text-align: left;\">\n                <img loading=\"lazy\" decoding=\"async\" width=\"459\" height=\"459\" class=\"wp-image-537\" style=\"width: 45px; height: auto;\" src=\"http:\/\/mathiasoppermann.de\/wp-content\/uploads\/2026\/02\/sc-victoria-bs.jpg\" alt=\"\" srcset=\"http:\/\/mathiasoppermann.de\/wp-content\/uploads\/2026\/02\/sc-victoria-bs.jpg 459w, http:\/\/mathiasoppermann.de\/wp-content\/uploads\/2026\/02\/sc-victoria-bs-300x300.jpg 300w, http:\/\/mathiasoppermann.de\/wp-content\/uploads\/2026\/02\/sc-victoria-bs-150x150.jpg 150w\" sizes=\"auto, (max-width: 459px) 100vw, 459px\" \/><br>\n                <a href=\"https:\/\/www.scvictoria-braunschweig.de\/abteilungen\/turnen-gymnastik-leichtathletik\" target=\"_blank\" rel=\"noreferrer noopener\"><strong>SC Victoria Braunschweig (1108)<\/strong><\/a><br>\n                <font color=\"#000000\">Ingolf L\u00f6hner<\/font>\n            <\/td><\/tr>\n            <tr><td style=\"border: 1px solid #cccccc; padding: 15px; text-align: left;\">\n                <img loading=\"lazy\" decoding=\"async\" width=\"270\" height=\"224\" class=\"wp-image-100\" style=\"width: 45px; height: auto;\" src=\"http:\/\/mathiasoppermann.de\/wp-content\/uploads\/2026\/02\/475.png\" alt=\"\"><br>\n                <a href=\"https:\/\/www.braunschweiger-laufclub.com\/\" target=\"_blank\" rel=\"noreferrer noopener\"><strong>Braunschweiger Laufclub (1109)<\/strong><\/a><br>\n                <font color=\"#000000\">Ren\u00e9 Menzel und Christian Boohs<\/font>\n            <\/td><\/tr>\n            <tr><td style=\"border: 1px solid #cccccc; padding: 15px; text-align: left;\">\n                <img loading=\"lazy\" decoding=\"async\" width=\"473\" height=\"591\" class=\"wp-image-116\" style=\"width: 45px; height: auto;\" src=\"http:\/\/mathiasoppermann.de\/wp-content\/uploads\/2026\/02\/tura-leichtathletik.jpeg\" alt=\"\" srcset=\"http:\/\/mathiasoppermann.de\/wp-content\/uploads\/2026\/02\/tura-leichtathletik.jpeg 473w, http:\/\/mathiasoppermann.de\/wp-content\/uploads\/2026\/02\/tura-leichtathletik-240x300.jpeg 240w\" sizes=\"auto, (max-width: 473px) 100vw, 473px\" \/><br>\n                <a href=\"https:\/\/www.tura-braunschweig.de\/leichtathletik\/\" target=\"_blank\" rel=\"noreferrer noopener\"><strong>TuRa Braunschweig (1110)<\/strong><\/a><br>\n                <font color=\"#000000\">H. Wilhelm Schmidt<\/font>\n            <\/td><\/tr>\n            <tr><td style=\"border: 1px solid #cccccc; padding: 15px; text-align: left;\">\n                <img loading=\"lazy\" decoding=\"async\" width=\"45\" height=\"45\" class=\"wp-image-110\" style=\"width: 45px; height: auto;\" src=\"http:\/\/mathiasoppermann.de\/wp-content\/uploads\/2026\/02\/hondelage.png\" alt=\"\"><br>\n                <a href=\"https:\/\/www.mtv-hondelage.de\/index.php\/sportarten\/leichtathletik\" target=\"_blank\" rel=\"noreferrer noopener\"><strong>MTV Hondelage (1111)<\/strong><\/a><br>[aktuell offen]\n            <\/td><\/tr>\n            <tr><td style=\"border: 1px solid #cccccc; padding: 15px; text-align: left;\">\n                <img loading=\"lazy\" decoding=\"async\" width=\"724\" height=\"1024\" class=\"wp-image-544\" style=\"width: 26px; height: auto;\" src=\"http:\/\/mathiasoppermann.de\/wp-content\/uploads\/2026\/02\/TV-Mascherode.jpg\" alt=\"\" srcset=\"http:\/\/mathiasoppermann.de\/wp-content\/uploads\/2026\/02\/TV-Mascherode.jpg 724w, http:\/\/mathiasoppermann.de\/wp-content\/uploads\/2026\/02\/TV-Mascherode-212x300.jpg 212w\" sizes=\"auto, (max-width: 724px) 100vw, 724px\" \/><br>\n                <a href=\"https:\/\/tv-mascherode.de\/leichtathletik-und-walking\/\" target=\"_blank\" rel=\"noreferrer noopener\"><strong>TV Mascherode (1112)<\/strong><\/a><br>\n                <font color=\"#000000\">Christiane Bartel<\/font>\n            <\/td><\/tr>\n            <tr><td style=\"border: 1px solid #cccccc; padding: 15px; text-align: left;\">\n                <img loading=\"lazy\" decoding=\"async\" width=\"165\" height=\"200\" class=\"wp-image-117\" style=\"width: 45px; height: auto;\" src=\"http:\/\/mathiasoppermann.de\/wp-content\/uploads\/2026\/02\/waggum.png\" alt=\"\"><br>\n                <a href=\"https:\/\/www.waggum-leichtathletik.de\/\" target=\"_blank\" rel=\"noreferrer noopener\"><strong>SV Gr\u00fcn-Wei\u00df Waggum (1114)<\/strong><\/a><br>\n                <font color=\"#000000\">Andreas Schwanbeck<\/font>\n            <\/td><\/tr>\n            <tr><td style=\"border: 1px solid #cccccc; padding: 15px; text-align: left;\">\n                <img loading=\"lazy\" decoding=\"async\" width=\"133\" height=\"150\" class=\"wp-image-115\" style=\"width: 45px; height: auto;\" src=\"http:\/\/mathiasoppermann.de\/wp-content\/uploads\/2026\/02\/tsvschapen.png\" alt=\"\"><br>\n                <a href=\"https:\/\/www.tsv-schapen.de\/\" target=\"_blank\" rel=\"noreferrer noopener\"><strong>TSV 1921 Schapen (1116)<\/strong><\/a><br>\n                <font color=\"#000000\">Gesch\u00e4ftsstelle<\/font>\n            <\/td><\/tr>\n            <tr><td style=\"border: 1px solid #cccccc; padding: 15px; text-align: left;\">\n                <img loading=\"lazy\" decoding=\"async\" width=\"245\" height=\"245\" class=\"wp-image-106\" style=\"width: 45px; height: auto;\" src=\"http:\/\/mathiasoppermann.de\/wp-content\/uploads\/2026\/02\/bvl.png\" alt=\"\" srcset=\"http:\/\/mathiasoppermann.de\/wp-content\/uploads\/2026\/02\/bvl.png 245w, http:\/\/mathiasoppermann.de\/wp-content\/uploads\/2026\/02\/bvl-150x150.png 150w\" sizes=\"auto, (max-width: 245px) 100vw, 245px\" \/><br>\n                <a href=\"https:\/\/www.breitensportverein-lehndorf.de\/\" target=\"_blank\" rel=\"noreferrer noopener\"><strong>Breitensportverein Lehndorf (1142)<\/strong><\/a><br>\n                <font color=\"#000000\">Peter K\u00f6rner<\/font>\n            <\/td><\/tr>\n            <tr><td style=\"border: 1px solid #cccccc; padding: 15px; text-align: left;\">\n                <img loading=\"lazy\" decoding=\"async\" width=\"1920\" height=\"2036\" class=\"wp-image-111\" style=\"width: 45px; height: auto;\" src=\"http:\/\/mathiasoppermann.de\/wp-content\/uploads\/2026\/02\/Logo-Ultralaufteam-Kopie-1920w.webp\" alt=\"\" srcset=\"http:\/\/mathiasoppermann.de\/wp-content\/uploads\/2026\/02\/Logo-Ultralaufteam-Kopie-1920w.webp 1920w, http:\/\/mathiasoppermann.de\/wp-content\/uploads\/2026\/02\/Logo-Ultralaufteam-Kopie-1920w-283x300.webp 283w, http:\/\/mathiasoppermann.de\/wp-content\/uploads\/2026\/02\/Logo-Ultralaufteam-Kopie-1920w-966x1024.webp 966w, http:\/\/mathiasoppermann.de\/wp-content\/uploads\/2026\/02\/Logo-Ultralaufteam-Kopie-1920w-768x814.webp 768w, http:\/\/mathiasoppermann.de\/wp-content\/uploads\/2026\/02\/Logo-Ultralaufteam-Kopie-1920w-1448x1536.webp 1448w\" sizes=\"auto, (max-width: 1920px) 100vw, 1920px\" \/><br>\n                <a href=\"https:\/\/www.ultralaufteam.de\/\" target=\"_blank\" rel=\"noreferrer noopener\"><strong>sportTREND Ultralauf- und Triathlonteam Braunschweig (1194)<\/strong><\/a><br>\n                <font color=\"#000000\">Dieter Grabow<\/font>\n            <\/td><\/tr>\n        <\/tbody>\n    <\/table>\n<\/figure>\n","protected":false},"excerpt":{"rendered":"<p>Vereine LG Braunschweig (1101) Tobias Pollmann MTV Braunschweig (1102) Volker Thies BTSV Eintracht Braunschweig (1103) Simon Bahnm\u00fcller Familiensportverein Braunschweig (1104) Gesch\u00e4ftsstelle Polizei SV Braunschweig (1106) Sabrina Z\u00f6llner SC Victoria Braunschweig (1108) Ingolf L\u00f6hner Braunschweiger Laufclub (1109) Ren\u00e9 Menzel und Christian Boohs TuRa Braunschweig (1110) H. Wilhelm Schmidt MTV Hondelage (1111)[aktuell offen] TV Mascherode (1112) Christiane [&hellip;]<\/p>\n","protected":false},"author":1,"featured_media":0,"parent":196,"menu_order":0,"comment_status":"closed","ping_status":"closed","template":"","meta":{"footnotes":""},"class_list":["post-200","page","type-page","status-publish","czr-hentry"],"aioseo_notices":[],"_links":{"self":[{"href":"http:\/\/mathiasoppermann.de\/index.php?rest_route=\/wp\/v2\/pages\/200","targetHints":{"allow":["GET"]}}],"collection":[{"href":"http:\/\/mathiasoppermann.de\/index.php?rest_route=\/wp\/v2\/pages"}],"about":[{"href":"http:\/\/mathiasoppermann.de\/index.php?rest_route=\/wp\/v2\/types\/page"}],"author":[{"embeddable":true,"href":"http:\/\/mathiasoppermann.de\/index.php?rest_route=\/wp\/v2\/users\/1"}],"replies":[{"embeddable":true,"href":"http:\/\/mathiasoppermann.de\/index.php?rest_route=%2Fwp%2Fv2%2Fcomments&post=200"}],"version-history":[{"count":15,"href":"http:\/\/mathiasoppermann.de\/index.php?rest_route=\/wp\/v2\/pages\/200\/revisions"}],"predecessor-version":[{"id":2443,"href":"http:\/\/mathiasoppermann.de\/index.php?rest_route=\/wp\/v2\/pages\/200\/revisions\/2443"}],"up":[{"embeddable":true,"href":"http:\/\/mathiasoppermann.de\/index.php?rest_route=\/wp\/v2\/pages\/196"}],"wp:attachment":[{"href":"http:\/\/mathiasoppermann.de\/index.php?rest_route=%2Fwp%2Fv2%2Fmedia&parent=200"}],"curies":[{"name":"wp","href":"https:\/\/api.w.org\/{rel}","templated":true}]}}