{"id":1980,"date":"2026-04-10T12:29:14","date_gmt":"2026-04-10T10:29:14","guid":{"rendered":"http:\/\/mathiasoppermann.de\/?page_id=1980"},"modified":"2026-04-17T22:12:14","modified_gmt":"2026-04-17T20:12:14","slug":"wettkampfstaette","status":"publish","type":"page","link":"http:\/\/mathiasoppermann.de\/?page_id=1980","title":{"rendered":"Wettkampfst\u00e4tten"},"content":{"rendered":"\n<h6 class=\"wp-block-heading alignwide has-white-color has-text-color has-background has-link-color has-medium-font-size wp-elements-d1781dddf3c98eb0e63d512fa66fb832\" style=\"background-color:#344c95\">Wettkampforte<\/h6>\n\n\n\n<!-- Anlage 1: R\u00fcningen -->\n<figure class=\"wp-block-table aligncenter\">\n    <table style=\"border: 1px solid #cccccc; border-collapse: collapse; background-color: #f0ffff; width: 100%; table-layout: fixed;\">\n        <tbody>\n            <tr>\n                <td style=\"border: 1px solid #cccccc; padding: 20px; text-align: left; color: #000000;\">\n                    <p style=\"color: #000000;\"><strong>Bezirkssportanlage R\u00fcningen<\/strong><\/p>\n                    <p style=\"color: #000000;\">Leiferder Weg 1<br \/>38122 Braunschweig<\/p>\n                    <figure class=\"wp-block-image size-large\" style=\"margin: 15px 0;\">\n                        <img decoding=\"async\" src=\"http:\/\/mathiasoppermann.de\/wp-content\/uploads\/2026\/04\/rueningen_anlage.png\" alt=\"Sportanlage R\u00fcningen\" style=\"width: 100%; height: auto; border: 1px solid #cccccc;\">\n                    <\/figure>\n                    <iframe loading=\"lazy\" width=\"100%\" height=\"350\" src=\"https:\/\/www.openstreetmap.org\/export\/embed.html?bbox=10.500553250312807%2C52.21645527556042%2C10.506159067153932%2C52.21932773413967&amp;layer=mapnik\" style=\"border: 1px solid #cccccc\"><\/iframe>\n                    <br\/><small><a href=\"https:\/\/www.openstreetmap.org\/?#map=18\/52.217892\/10.503356\" target=\"_blank\" style=\"color: #000000;\">Gr\u00f6\u00dfere Karte anzeigen<\/a><\/small>\n                <\/td>\n            <\/tr>\n        <\/tbody>\n    <\/table>\n<\/figure>\n\n<!-- Anlage 2: Rote Wiese -->\n<figure class=\"wp-block-table aligncenter\" style=\"margin-top: 30px;\">\n    <table style=\"border: 1px solid #cccccc; border-collapse: collapse; background-color: #f0ffff; width: 100%; table-layout: fixed;\">\n        <tbody>\n            <tr>\n                <td style=\"border: 1px solid #cccccc; padding: 20px; text-align: left; color: #000000;\">\n                    <p style=\"color: #000000;\"><strong>Sportanlage Rote Wiese<\/strong><\/p>\n                    <p style=\"color: #000000;\">Rote Wiese 9<br \/>38124 Braunschweig<\/p>\n                    <figure class=\"wp-block-image size-large\" style=\"margin: 15px 0;\">\n                        <img decoding=\"async\" src=\"http:\/\/mathiasoppermann.de\/wp-content\/uploads\/2026\/04\/rote_wiese_cross.png\" alt=\"Sportanlage Rote Wiese\" style=\"width: 100%; height: auto; border: 1px solid #cccccc;\">\n                    <\/figure>\n                    <iframe loading=\"lazy\" width=\"100%\" height=\"350\" src=\"https:\/\/www.openstreetmap.org\/export\/embed.html?bbox=10.531859993934631%2C52.23605594854243%2C10.537465810775759%2C52.23892713934317&amp;layer=mapnik\" style=\"border: 1px solid #cccccc\"><\/iframe>\n                    <br\/><small><a href=\"https:\/\/www.openstreetmap.org\/?#map=18\/52.237492\/10.534663\" target=\"_blank\" style=\"color: #000000;\">Gr\u00f6\u00dfere Karte anzeigen<\/a><\/small>\n                <\/td>\n            <\/tr>\n        <\/tbody>\n    <\/table>\n<\/figure>\n\n<!-- Anlage 3: Eintracht-Stadion -->\n<figure class=\"wp-block-table aligncenter\" style=\"margin-top: 30px;\">\n    <table style=\"border: 1px solid #cccccc; border-collapse: collapse; background-color: #f0ffff; width: 100%; table-layout: fixed;\">\n        <tbody>\n            <tr>\n                <td style=\"border: 1px solid #cccccc; padding: 20px; text-align: left; color: #000000;\">\n                    <p style=\"color: #000000;\"><strong>Eintracht-Stadion<\/strong><\/p>\n                    <p style=\"color: #000000;\">Hamburger Strasse 210<br \/>38112 Braunschweig<\/p>\n                    <figure class=\"wp-block-image size-large\" style=\"margin: 15px 0;\">\n                        <img decoding=\"async\" src=\"http:\/\/mathiasoppermann.de\/wp-content\/uploads\/2026\/04\/eintrachtstadion.jpg\" style=\"width: 100%; height: auto; border: 1px solid #cccccc;\">\n                    <\/figure>\n                    <iframe loading=\"lazy\" width=\"100%\" height=\"350\" src=\"https:\/\/www.openstreetmap.org\/export\/embed.html?bbox=10.51621198654175%2C52.286675316839975%2C10.527423620224%2C52.29241096152337&amp;layer=mapnik\" style=\"border: 1px solid #cccccc\"><\/iframe>\n                    <br\/><small><a href=\"https:\/\/www.openstreetmap.org\/?#map=17\/52.289543\/10.521818\" target=\"_blank\" style=\"color: #000000;\">Gr\u00f6\u00dfere Karte anzeigen<\/a><\/small>\n                <\/td>\n            <\/tr>\n        <\/tbody>\n    <\/table>\n<\/figure>\n","protected":false},"excerpt":{"rendered":"<p>Wettkampforte Bezirkssportanlage R\u00fcningen Leiferder Weg 138122 Braunschweig Gr\u00f6\u00dfere Karte anzeigen Sportanlage Rote Wiese Rote Wiese 938124 Braunschweig Gr\u00f6\u00dfere Karte anzeigen Eintracht-Stadion Hamburger Strasse 21038112 Braunschweig Gr\u00f6\u00dfere Karte anzeigen<\/p>\n","protected":false},"author":1,"featured_media":0,"parent":0,"menu_order":0,"comment_status":"closed","ping_status":"closed","template":"","meta":{"footnotes":""},"class_list":["post-1980","page","type-page","status-publish","czr-hentry"],"aioseo_notices":[],"_links":{"self":[{"href":"http:\/\/mathiasoppermann.de\/index.php?rest_route=\/wp\/v2\/pages\/1980","targetHints":{"allow":["GET"]}}],"collection":[{"href":"http:\/\/mathiasoppermann.de\/index.php?rest_route=\/wp\/v2\/pages"}],"about":[{"href":"http:\/\/mathiasoppermann.de\/index.php?rest_route=\/wp\/v2\/types\/page"}],"author":[{"embeddable":true,"href":"http:\/\/mathiasoppermann.de\/index.php?rest_route=\/wp\/v2\/users\/1"}],"replies":[{"embeddable":true,"href":"http:\/\/mathiasoppermann.de\/index.php?rest_route=%2Fwp%2Fv2%2Fcomments&post=1980"}],"version-history":[{"count":12,"href":"http:\/\/mathiasoppermann.de\/index.php?rest_route=\/wp\/v2\/pages\/1980\/revisions"}],"predecessor-version":[{"id":2415,"href":"http:\/\/mathiasoppermann.de\/index.php?rest_route=\/wp\/v2\/pages\/1980\/revisions\/2415"}],"wp:attachment":[{"href":"http:\/\/mathiasoppermann.de\/index.php?rest_route=%2Fwp%2Fv2%2Fmedia&parent=1980"}],"curies":[{"name":"wp","href":"https:\/\/api.w.org\/{rel}","templated":true}]}}