{"id":16,"date":"2026-02-19T14:58:42","date_gmt":"2026-02-19T13:58:42","guid":{"rendered":"http:\/\/mathiasoppermann.de\/?page_id=16"},"modified":"2026-04-17T23:02:15","modified_gmt":"2026-04-17T21:02:15","slug":"leichtathletik-braunschweig","status":"publish","type":"page","link":"http:\/\/mathiasoppermann.de\/","title":{"rendered":"Home"},"content":{"rendered":"\n<div class=\"wp-block-columns alignwide is-layout-flex wp-container-core-columns-is-layout-9d6595d7 wp-block-columns-is-layout-flex\">\n<div class=\"wp-block-column is-layout-flow wp-block-column-is-layout-flow\">\n<h6 class=\"wp-block-heading alignwide has-white-color has-text-color has-background has-link-color has-medium-font-size wp-elements-4680f2f7737e6e3bfbc17f25f6f5488e\" style=\"background-color:#344c95\">Leichtathletik Braunschweig<\/h6>\n\n\n\n<figure class=\"wp-block-table\">\n<table style=\"border: 1px solid #cccccc; border-collapse: collapse; background-color: #F0FFFF; width: 100%;\">\n    <tbody>\n        <tr>\n            <td class=\"has-text-align-left\" data-align=\"left\" style=\"border: 1px solid #cccccc; padding: 15px;\">\n                <font color=\"#000000\">Willkommen auf der Homepage des NLV Kreis Braunschweig<\/font>\n            <\/td>\n        <\/tr>\n    <\/tbody>\n<\/table>\n<\/figure>\n\n\n\n<figure class=\"wp-block-image size-large\"><img loading=\"lazy\" decoding=\"async\" width=\"1024\" height=\"340\" src=\"http:\/\/mathiasoppermann.de\/wp-content\/uploads\/2026\/04\/rueningen-1-1024x340.png\" alt=\"\" class=\"wp-image-2421\" srcset=\"http:\/\/mathiasoppermann.de\/wp-content\/uploads\/2026\/04\/rueningen-1-1024x340.png 1024w, http:\/\/mathiasoppermann.de\/wp-content\/uploads\/2026\/04\/rueningen-1-300x100.png 300w, http:\/\/mathiasoppermann.de\/wp-content\/uploads\/2026\/04\/rueningen-1-768x255.png 768w, http:\/\/mathiasoppermann.de\/wp-content\/uploads\/2026\/04\/rueningen-1.png 1152w\" sizes=\"auto, (max-width: 1024px) 100vw, 1024px\" \/><\/figure>\n\n\n\n<p style=\"text-align: left;\">\u00a9\u00a0Foto: Thomas Minnich<\/p>\n<\/div>\n<\/div>\n\n\n\n<figure class=\"wp-block-table\">\n<table style=\"border: 1px solid #cccccc; border-collapse: collapse; background-color: #F0FFFF; width: 100%;\">\n    <tbody>\n        <tr>\n            <td class=\"has-text-align-left\" data-align=\"left\" style=\"border: 1px solid #cccccc; padding: 15px;\">\n                <font color=\"#000000\">Hier findest Du wichtige Informationen zur Leichtathletik in und um Braunschweig.\u00a0\n<br>\n<br>\nDer NLV Kreis Braunschweig ist ein eingetragener Verein, der satzungsgem\u00e4\u00df den Zweck verfolgt, die Leichtathletik in Braunschweig zu f\u00f6rdern,\u00a0 die Mitglieder\/Vereine zu betreuen und die gemeinsamen Interessen zu vertreten.\n<br>\nGleichzeitig sind wir das Bindeglied zum Dachverband, dem Nieders\u00e4chsischen Leichtathletikverband (NLV) in Hannover.\n<br>\n<br>\nIn Braunschweig gibt es 13 Vereine, die Leichtathletik anbieten und Mitglied im NLV Kreis Braunschweig sind. F\u00fcnf dieser Vereine bilden eine Leichtathletikgemeinschaft (LG Braunschweig).\n<br>\n<br>\nDie\u00a0Ansprechpartner der einzelnen Vereine\u00a0mit der Verlinkung zu den Vereins-Homepages findet Ihr unter der Rubrik\u00a0VERBAND.\n<br>\n<br>\nUnter\u00a0VERANSTALTUNGEN\u00a0informieren wir Euch \u00fcber die in diesem Jahr geplanten Kreis-Meisterschaften \u00a0\/ Veranstaltungen.\nBerichte von weiteren Veranstaltungen werden unter der Rubrik\u00a0BERICHTE\u00a0gef\u00fchrt.\nSucht Ihr nach Ergebnissen in den einzelnen Disziplinen und Altersklassen, schaut mal auf die\u00a0STATISTIK-Seite.\n<br>\u00a0\n<br>\nWir w\u00fcnschen Euch viel Spa\u00df beim Besuch auf unserer Homepage.<br>\nKontakt zu uns k\u00f6nnt Ihr \u00fcber das Kontaktformular aufnehmen.\n<br>\n<br>\n<br>\nKathrin Rehberg<br><br>\nKreisvorsitzende<\/font>\n            <\/td>\n        <\/tr>\n    <\/tbody>\n<\/table>\n<\/figure>\n\n\n\n<figure class=\"wp-block-image size-large\"><img loading=\"lazy\" decoding=\"async\" width=\"1024\" height=\"683\" src=\"http:\/\/mathiasoppermann.de\/wp-content\/uploads\/2026\/04\/DSC04400-1024x683.jpg\" alt=\"\" class=\"wp-image-2343\" srcset=\"http:\/\/mathiasoppermann.de\/wp-content\/uploads\/2026\/04\/DSC04400-1024x683.jpg 1024w, http:\/\/mathiasoppermann.de\/wp-content\/uploads\/2026\/04\/DSC04400-300x200.jpg 300w, http:\/\/mathiasoppermann.de\/wp-content\/uploads\/2026\/04\/DSC04400-768x512.jpg 768w, http:\/\/mathiasoppermann.de\/wp-content\/uploads\/2026\/04\/DSC04400-1536x1024.jpg 1536w, http:\/\/mathiasoppermann.de\/wp-content\/uploads\/2026\/04\/DSC04400-2048x1365.jpg 2048w\" sizes=\"auto, (max-width: 1024px) 100vw, 1024px\" \/><\/figure>\n\n\n\n<figure class=\"wp-block-table\">\n<table style=\"border: 1px solid #cccccc; border-collapse: collapse; background-color: #F0FFFF; width: 100%;\">\n    <tbody>\n        <tr>\n            <td class=\"has-text-align-left\" data-align=\"left\" style=\"border: 1px solid #cccccc; padding: 15px;\">\n                <font color=\"#000000\">Berichte<\/font>\n            <\/td>\n        <\/tr>\n    <\/tbody>\n<\/table>\n<\/figure>\n\n\n<ul class=\"wp-block-latest-posts__list wp-block-latest-posts\"><li><a class=\"wp-block-latest-posts__post-title\" href=\"http:\/\/mathiasoppermann.de\/?p=175\">LM U16 &amp; U20: Braunschweiger Leichtathleten erzielen viele Jugend-DM-Normen<\/a><\/li>\n<li><a class=\"wp-block-latest-posts__post-title\" href=\"http:\/\/mathiasoppermann.de\/?p=170\">Die letzten Wettk\u00e4mpfe der Saison<\/a><\/li>\n<\/ul>","protected":false},"excerpt":{"rendered":"<p>Leichtathletik Braunschweig Willkommen auf der Homepage des NLV Kreis Braunschweig \u00a9\u00a0Foto: Thomas Minnich Hier findest Du wichtige Informationen zur Leichtathletik in und um Braunschweig.\u00a0 Der NLV Kreis Braunschweig ist ein eingetragener Verein, der satzungsgem\u00e4\u00df den Zweck verfolgt, die Leichtathletik in Braunschweig zu f\u00f6rdern,\u00a0 die Mitglieder\/Vereine zu betreuen und die gemeinsamen Interessen zu vertreten. Gleichzeitig sind [&hellip;]<\/p>\n","protected":false},"author":1,"featured_media":0,"parent":0,"menu_order":0,"comment_status":"closed","ping_status":"closed","template":"","meta":{"footnotes":""},"class_list":["post-16","page","type-page","status-publish","czr-hentry"],"aioseo_notices":[],"_links":{"self":[{"href":"http:\/\/mathiasoppermann.de\/index.php?rest_route=\/wp\/v2\/pages\/16","targetHints":{"allow":["GET"]}}],"collection":[{"href":"http:\/\/mathiasoppermann.de\/index.php?rest_route=\/wp\/v2\/pages"}],"about":[{"href":"http:\/\/mathiasoppermann.de\/index.php?rest_route=\/wp\/v2\/types\/page"}],"author":[{"embeddable":true,"href":"http:\/\/mathiasoppermann.de\/index.php?rest_route=\/wp\/v2\/users\/1"}],"replies":[{"embeddable":true,"href":"http:\/\/mathiasoppermann.de\/index.php?rest_route=%2Fwp%2Fv2%2Fcomments&post=16"}],"version-history":[{"count":9,"href":"http:\/\/mathiasoppermann.de\/index.php?rest_route=\/wp\/v2\/pages\/16\/revisions"}],"predecessor-version":[{"id":2344,"href":"http:\/\/mathiasoppermann.de\/index.php?rest_route=\/wp\/v2\/pages\/16\/revisions\/2344"}],"wp:attachment":[{"href":"http:\/\/mathiasoppermann.de\/index.php?rest_route=%2Fwp%2Fv2%2Fmedia&parent=16"}],"curies":[{"name":"wp","href":"https:\/\/api.w.org\/{rel}","templated":true}]}}